{"id":137,"date":"2023-02-01T22:05:39","date_gmt":"2023-02-01T22:05:39","guid":{"rendered":"http:\/\/c2191836.ferozo.com\/strada\/?page_id=137"},"modified":"2024-05-19T03:43:20","modified_gmt":"2024-05-19T03:43:20","slug":"contacto","status":"publish","type":"page","link":"https:\/\/dosmas.com.ar\/sutek\/contacto\/","title":{"rendered":"Contacto"},"content":{"rendered":"","protected":false},"excerpt":{"rendered":"","protected":false},"author":1,"featured_media":726,"parent":0,"menu_order":0,"comment_status":"closed","ping_status":"closed","template":"interna-0-page-simple.php","meta":{"_exactmetrics_skip_tracking":false,"_exactmetrics_sitenote_active":false,"_exactmetrics_sitenote_note":"","_exactmetrics_sitenote_category":0,"footnotes":""},"class_list":["post-137","page","type-page","status-publish","has-post-thumbnail","hentry"],"yoast_head":"<!-- This site is optimized with the Yoast SEO plugin v24.6 - https:\/\/yoast.com\/wordpress\/plugins\/seo\/ -->\n<title>Strada | Contacto<\/title>\n<meta name=\"robots\" content=\"index, follow, max-snippet:-1, max-image-preview:large, max-video-preview:-1\" \/>\n<link rel=\"canonical\" href=\"http:\/\/dosmas.com.ar\/sutek\/contacto\/\" \/>\n<meta property=\"og:locale\" content=\"es_ES\" \/>\n<meta property=\"og:type\" content=\"article\" \/>\n<meta property=\"og:title\" content=\"Contacto - Strada\" \/>\n<meta property=\"og:url\" content=\"http:\/\/dosmas.com.ar\/sutek\/contacto\/\" \/>\n<meta property=\"og:site_name\" content=\"Strada\" \/>\n<meta property=\"article:modified_time\" content=\"2024-05-19T03:43:20+00:00\" \/>\n<meta property=\"og:image\" content=\"http:\/\/dosmas.com.ar\/sutek\/wp-content\/uploads\/2024\/05\/header-contacto_v2.jpg\" \/>\n\t<meta property=\"og:image:width\" content=\"1440\" \/>\n\t<meta property=\"og:image:height\" content=\"600\" \/>\n\t<meta property=\"og:image:type\" content=\"image\/jpeg\" \/>\n<meta name=\"twitter:card\" content=\"summary_large_image\" \/>\n<script type=\"application\/ld+json\" class=\"yoast-schema-graph\">{\"@context\":\"https:\/\/schema.org\",\"@graph\":[{\"@type\":\"WebPage\",\"@id\":\"http:\/\/dosmas.com.ar\/sutek\/contacto\/\",\"url\":\"http:\/\/dosmas.com.ar\/sutek\/contacto\/\",\"name\":\"Contacto - Strada\",\"isPartOf\":{\"@id\":\"https:\/\/dosmas.com.ar\/sutek\/#website\"},\"primaryImageOfPage\":{\"@id\":\"http:\/\/dosmas.com.ar\/sutek\/contacto\/#primaryimage\"},\"image\":{\"@id\":\"http:\/\/dosmas.com.ar\/sutek\/contacto\/#primaryimage\"},\"thumbnailUrl\":\"https:\/\/dosmas.com.ar\/sutek\/wp-content\/uploads\/2024\/05\/header-contacto_v2.jpg\",\"datePublished\":\"2023-02-01T22:05:39+00:00\",\"dateModified\":\"2024-05-19T03:43:20+00:00\",\"breadcrumb\":{\"@id\":\"http:\/\/dosmas.com.ar\/sutek\/contacto\/#breadcrumb\"},\"inLanguage\":\"es\",\"potentialAction\":[{\"@type\":\"ReadAction\",\"target\":[\"http:\/\/dosmas.com.ar\/sutek\/contacto\/\"]}]},{\"@type\":\"ImageObject\",\"inLanguage\":\"es\",\"@id\":\"http:\/\/dosmas.com.ar\/sutek\/contacto\/#primaryimage\",\"url\":\"https:\/\/dosmas.com.ar\/sutek\/wp-content\/uploads\/2024\/05\/header-contacto_v2.jpg\",\"contentUrl\":\"https:\/\/dosmas.com.ar\/sutek\/wp-content\/uploads\/2024\/05\/header-contacto_v2.jpg\",\"width\":1440,\"height\":600},{\"@type\":\"BreadcrumbList\",\"@id\":\"http:\/\/dosmas.com.ar\/sutek\/contacto\/#breadcrumb\",\"itemListElement\":[{\"@type\":\"ListItem\",\"position\":1,\"name\":\"Portada\",\"item\":\"https:\/\/dosmas.com.ar\/sutek\/\"},{\"@type\":\"ListItem\",\"position\":2,\"name\":\"Contacto\"}]},{\"@type\":\"WebSite\",\"@id\":\"https:\/\/dosmas.com.ar\/sutek\/#website\",\"url\":\"https:\/\/dosmas.com.ar\/sutek\/\",\"name\":\"Strada\",\"description\":\"Fue fundada en el a\u00f1o 1997 en la ciudad de Villa Gobernador Galvez, Provincia de Santa Fe, por dos familias que han estado unidas desde 1970, dedicadas a la transformaci\u00f3n de termopl\u00e1sticos mediante los procesos de extrusi\u00f3n e inyecci\u00f3n.\",\"inLanguage\":\"es\"}]}<\/script>\n<!-- \/ Yoast SEO plugin. -->","yoast_head_json":{"title":"Strada | Contacto","robots":{"index":"index","follow":"follow","max-snippet":"max-snippet:-1","max-image-preview":"max-image-preview:large","max-video-preview":"max-video-preview:-1"},"canonical":"http:\/\/dosmas.com.ar\/sutek\/contacto\/","og_locale":"es_ES","og_type":"article","og_title":"Contacto - Strada","og_url":"http:\/\/dosmas.com.ar\/sutek\/contacto\/","og_site_name":"Strada","article_modified_time":"2024-05-19T03:43:20+00:00","og_image":[{"width":1440,"height":600,"url":"http:\/\/dosmas.com.ar\/sutek\/wp-content\/uploads\/2024\/05\/header-contacto_v2.jpg","type":"image\/jpeg"}],"twitter_card":"summary_large_image","schema":{"@context":"https:\/\/schema.org","@graph":[{"@type":"WebPage","@id":"http:\/\/dosmas.com.ar\/sutek\/contacto\/","url":"http:\/\/dosmas.com.ar\/sutek\/contacto\/","name":"Contacto - Strada","isPartOf":{"@id":"https:\/\/dosmas.com.ar\/sutek\/#website"},"primaryImageOfPage":{"@id":"http:\/\/dosmas.com.ar\/sutek\/contacto\/#primaryimage"},"image":{"@id":"http:\/\/dosmas.com.ar\/sutek\/contacto\/#primaryimage"},"thumbnailUrl":"https:\/\/dosmas.com.ar\/sutek\/wp-content\/uploads\/2024\/05\/header-contacto_v2.jpg","datePublished":"2023-02-01T22:05:39+00:00","dateModified":"2024-05-19T03:43:20+00:00","breadcrumb":{"@id":"http:\/\/dosmas.com.ar\/sutek\/contacto\/#breadcrumb"},"inLanguage":"es","potentialAction":[{"@type":"ReadAction","target":["http:\/\/dosmas.com.ar\/sutek\/contacto\/"]}]},{"@type":"ImageObject","inLanguage":"es","@id":"http:\/\/dosmas.com.ar\/sutek\/contacto\/#primaryimage","url":"https:\/\/dosmas.com.ar\/sutek\/wp-content\/uploads\/2024\/05\/header-contacto_v2.jpg","contentUrl":"https:\/\/dosmas.com.ar\/sutek\/wp-content\/uploads\/2024\/05\/header-contacto_v2.jpg","width":1440,"height":600},{"@type":"BreadcrumbList","@id":"http:\/\/dosmas.com.ar\/sutek\/contacto\/#breadcrumb","itemListElement":[{"@type":"ListItem","position":1,"name":"Portada","item":"https:\/\/dosmas.com.ar\/sutek\/"},{"@type":"ListItem","position":2,"name":"Contacto"}]},{"@type":"WebSite","@id":"https:\/\/dosmas.com.ar\/sutek\/#website","url":"https:\/\/dosmas.com.ar\/sutek\/","name":"Strada","description":"Fue fundada en el a\u00f1o 1997 en la ciudad de Villa Gobernador Galvez, Provincia de Santa Fe, por dos familias que han estado unidas desde 1970, dedicadas a la transformaci\u00f3n de termopl\u00e1sticos mediante los procesos de extrusi\u00f3n e inyecci\u00f3n.","inLanguage":"es"}]}},"_links":{"self":[{"href":"https:\/\/dosmas.com.ar\/sutek\/wp-json\/wp\/v2\/pages\/137","targetHints":{"allow":["GET"]}}],"collection":[{"href":"https:\/\/dosmas.com.ar\/sutek\/wp-json\/wp\/v2\/pages"}],"about":[{"href":"https:\/\/dosmas.com.ar\/sutek\/wp-json\/wp\/v2\/types\/page"}],"author":[{"embeddable":true,"href":"https:\/\/dosmas.com.ar\/sutek\/wp-json\/wp\/v2\/users\/1"}],"replies":[{"embeddable":true,"href":"https:\/\/dosmas.com.ar\/sutek\/wp-json\/wp\/v2\/comments?post=137"}],"version-history":[{"count":1,"href":"https:\/\/dosmas.com.ar\/sutek\/wp-json\/wp\/v2\/pages\/137\/revisions"}],"predecessor-version":[{"id":138,"href":"https:\/\/dosmas.com.ar\/sutek\/wp-json\/wp\/v2\/pages\/137\/revisions\/138"}],"wp:featuredmedia":[{"embeddable":true,"href":"https:\/\/dosmas.com.ar\/sutek\/wp-json\/wp\/v2\/media\/726"}],"wp:attachment":[{"href":"https:\/\/dosmas.com.ar\/sutek\/wp-json\/wp\/v2\/media?parent=137"}],"curies":[{"name":"wp","href":"https:\/\/api.w.org\/{rel}","templated":true}]}}