{"id":92,"date":"2023-01-30T23:52:28","date_gmt":"2023-01-30T23:52:28","guid":{"rendered":"http:\/\/c2191836.ferozo.com\/strada\/?page_id=92"},"modified":"2024-05-19T04:05:21","modified_gmt":"2024-05-19T04:05:21","slug":"productos","status":"publish","type":"page","link":"https:\/\/dosmas.com.ar\/sutek\/productos\/","title":{"rendered":"Productos"},"content":{"rendered":"<p>Encontr\u00e1 en Strada todo lo que necesitas en tuber\u00edas y accesorios para redes de infraestructura (telecomunicaciones, red de agua, desag\u00fce y fluidos bajo presi\u00f3n), redes el\u00e9ctricas(domiciliaria e industrial) y perfiler\u00eda para distintos rubros (construcci\u00f3n, l\u00ednea blanca, automotriz).<\/p>\n","protected":false},"excerpt":{"rendered":"<p>Encontr\u00e1 en Strada todo lo que necesitas en tuber\u00edas y accesorios para redes de infraestructura (telecomunicaciones, red de agua, desag\u00fce y fluidos bajo presi\u00f3n), redes el\u00e9ctricas(domiciliaria e industrial) y perfiler\u00eda para distintos rubros (construcci\u00f3n, l\u00ednea blanca, automotriz).<\/p>\n","protected":false},"author":1,"featured_media":733,"parent":0,"menu_order":0,"comment_status":"closed","ping_status":"closed","template":"productos-page.php","meta":{"_exactmetrics_skip_tracking":false,"_exactmetrics_sitenote_active":false,"_exactmetrics_sitenote_note":"","_exactmetrics_sitenote_category":0,"footnotes":""},"class_list":["post-92","page","type-page","status-publish","has-post-thumbnail","hentry"],"yoast_head":"<!-- This site is optimized with the Yoast SEO plugin v24.6 - https:\/\/yoast.com\/wordpress\/plugins\/seo\/ -->\n<title>Strada | Productos<\/title>\n<meta name=\"robots\" content=\"index, follow, max-snippet:-1, max-image-preview:large, max-video-preview:-1\" \/>\n<link rel=\"canonical\" href=\"http:\/\/dosmas.com.ar\/sutek\/productos\/\" \/>\n<meta property=\"og:locale\" content=\"es_ES\" \/>\n<meta property=\"og:type\" content=\"article\" \/>\n<meta property=\"og:title\" content=\"Productos - Strada\" \/>\n<meta property=\"og:description\" content=\"Encontr\u00e1 en Strada todo lo que necesitas en tuber\u00edas y accesorios para redes de infraestructura (telecomunicaciones, red de agua, desag\u00fce y fluidos bajo presi\u00f3n), redes el\u00e9ctricas(domiciliaria e industrial) y perfiler\u00eda para distintos rubros (construcci\u00f3n, l\u00ednea blanca, automotriz).\" \/>\n<meta property=\"og:url\" content=\"http:\/\/dosmas.com.ar\/sutek\/productos\/\" \/>\n<meta property=\"og:site_name\" content=\"Strada\" \/>\n<meta property=\"article:modified_time\" content=\"2024-05-19T04:05:21+00:00\" \/>\n<meta property=\"og:image\" content=\"http:\/\/dosmas.com.ar\/sutek\/wp-content\/uploads\/2024\/05\/header-productos_v3.jpg\" \/>\n\t<meta property=\"og:image:width\" content=\"1440\" \/>\n\t<meta property=\"og:image:height\" content=\"600\" \/>\n\t<meta property=\"og:image:type\" content=\"image\/jpeg\" \/>\n<meta name=\"twitter:card\" content=\"summary_large_image\" \/>\n<meta name=\"twitter:label1\" content=\"Tiempo de lectura\" \/>\n\t<meta name=\"twitter:data1\" content=\"1 minuto\" \/>\n<script type=\"application\/ld+json\" class=\"yoast-schema-graph\">{\"@context\":\"https:\/\/schema.org\",\"@graph\":[{\"@type\":\"WebPage\",\"@id\":\"http:\/\/dosmas.com.ar\/sutek\/productos\/\",\"url\":\"http:\/\/dosmas.com.ar\/sutek\/productos\/\",\"name\":\"Productos - Strada\",\"isPartOf\":{\"@id\":\"https:\/\/dosmas.com.ar\/sutek\/#website\"},\"primaryImageOfPage\":{\"@id\":\"http:\/\/dosmas.com.ar\/sutek\/productos\/#primaryimage\"},\"image\":{\"@id\":\"http:\/\/dosmas.com.ar\/sutek\/productos\/#primaryimage\"},\"thumbnailUrl\":\"https:\/\/dosmas.com.ar\/sutek\/wp-content\/uploads\/2024\/05\/header-productos_v3.jpg\",\"datePublished\":\"2023-01-30T23:52:28+00:00\",\"dateModified\":\"2024-05-19T04:05:21+00:00\",\"breadcrumb\":{\"@id\":\"http:\/\/dosmas.com.ar\/sutek\/productos\/#breadcrumb\"},\"inLanguage\":\"es\",\"potentialAction\":[{\"@type\":\"ReadAction\",\"target\":[\"http:\/\/dosmas.com.ar\/sutek\/productos\/\"]}]},{\"@type\":\"ImageObject\",\"inLanguage\":\"es\",\"@id\":\"http:\/\/dosmas.com.ar\/sutek\/productos\/#primaryimage\",\"url\":\"https:\/\/dosmas.com.ar\/sutek\/wp-content\/uploads\/2024\/05\/header-productos_v3.jpg\",\"contentUrl\":\"https:\/\/dosmas.com.ar\/sutek\/wp-content\/uploads\/2024\/05\/header-productos_v3.jpg\",\"width\":1440,\"height\":600},{\"@type\":\"BreadcrumbList\",\"@id\":\"http:\/\/dosmas.com.ar\/sutek\/productos\/#breadcrumb\",\"itemListElement\":[{\"@type\":\"ListItem\",\"position\":1,\"name\":\"Portada\",\"item\":\"https:\/\/dosmas.com.ar\/sutek\/\"},{\"@type\":\"ListItem\",\"position\":2,\"name\":\"Productos\"}]},{\"@type\":\"WebSite\",\"@id\":\"https:\/\/dosmas.com.ar\/sutek\/#website\",\"url\":\"https:\/\/dosmas.com.ar\/sutek\/\",\"name\":\"Strada\",\"description\":\"Fue fundada en el a\u00f1o 1997 en la ciudad de Villa Gobernador Galvez, Provincia de Santa Fe, por dos familias que han estado unidas desde 1970, dedicadas a la transformaci\u00f3n de termopl\u00e1sticos mediante los procesos de extrusi\u00f3n e inyecci\u00f3n.\",\"inLanguage\":\"es\"}]}<\/script>\n<!-- \/ Yoast SEO plugin. -->","yoast_head_json":{"title":"Strada | Productos","robots":{"index":"index","follow":"follow","max-snippet":"max-snippet:-1","max-image-preview":"max-image-preview:large","max-video-preview":"max-video-preview:-1"},"canonical":"http:\/\/dosmas.com.ar\/sutek\/productos\/","og_locale":"es_ES","og_type":"article","og_title":"Productos - Strada","og_description":"Encontr\u00e1 en Strada todo lo que necesitas en tuber\u00edas y accesorios para redes de infraestructura (telecomunicaciones, red de agua, desag\u00fce y fluidos bajo presi\u00f3n), redes el\u00e9ctricas(domiciliaria e industrial) y perfiler\u00eda para distintos rubros (construcci\u00f3n, l\u00ednea blanca, automotriz).","og_url":"http:\/\/dosmas.com.ar\/sutek\/productos\/","og_site_name":"Strada","article_modified_time":"2024-05-19T04:05:21+00:00","og_image":[{"width":1440,"height":600,"url":"http:\/\/dosmas.com.ar\/sutek\/wp-content\/uploads\/2024\/05\/header-productos_v3.jpg","type":"image\/jpeg"}],"twitter_card":"summary_large_image","twitter_misc":{"Tiempo de lectura":"1 minuto"},"schema":{"@context":"https:\/\/schema.org","@graph":[{"@type":"WebPage","@id":"http:\/\/dosmas.com.ar\/sutek\/productos\/","url":"http:\/\/dosmas.com.ar\/sutek\/productos\/","name":"Productos - Strada","isPartOf":{"@id":"https:\/\/dosmas.com.ar\/sutek\/#website"},"primaryImageOfPage":{"@id":"http:\/\/dosmas.com.ar\/sutek\/productos\/#primaryimage"},"image":{"@id":"http:\/\/dosmas.com.ar\/sutek\/productos\/#primaryimage"},"thumbnailUrl":"https:\/\/dosmas.com.ar\/sutek\/wp-content\/uploads\/2024\/05\/header-productos_v3.jpg","datePublished":"2023-01-30T23:52:28+00:00","dateModified":"2024-05-19T04:05:21+00:00","breadcrumb":{"@id":"http:\/\/dosmas.com.ar\/sutek\/productos\/#breadcrumb"},"inLanguage":"es","potentialAction":[{"@type":"ReadAction","target":["http:\/\/dosmas.com.ar\/sutek\/productos\/"]}]},{"@type":"ImageObject","inLanguage":"es","@id":"http:\/\/dosmas.com.ar\/sutek\/productos\/#primaryimage","url":"https:\/\/dosmas.com.ar\/sutek\/wp-content\/uploads\/2024\/05\/header-productos_v3.jpg","contentUrl":"https:\/\/dosmas.com.ar\/sutek\/wp-content\/uploads\/2024\/05\/header-productos_v3.jpg","width":1440,"height":600},{"@type":"BreadcrumbList","@id":"http:\/\/dosmas.com.ar\/sutek\/productos\/#breadcrumb","itemListElement":[{"@type":"ListItem","position":1,"name":"Portada","item":"https:\/\/dosmas.com.ar\/sutek\/"},{"@type":"ListItem","position":2,"name":"Productos"}]},{"@type":"WebSite","@id":"https:\/\/dosmas.com.ar\/sutek\/#website","url":"https:\/\/dosmas.com.ar\/sutek\/","name":"Strada","description":"Fue fundada en el a\u00f1o 1997 en la ciudad de Villa Gobernador Galvez, Provincia de Santa Fe, por dos familias que han estado unidas desde 1970, dedicadas a la transformaci\u00f3n de termopl\u00e1sticos mediante los procesos de extrusi\u00f3n e inyecci\u00f3n.","inLanguage":"es"}]}},"_links":{"self":[{"href":"https:\/\/dosmas.com.ar\/sutek\/wp-json\/wp\/v2\/pages\/92","targetHints":{"allow":["GET"]}}],"collection":[{"href":"https:\/\/dosmas.com.ar\/sutek\/wp-json\/wp\/v2\/pages"}],"about":[{"href":"https:\/\/dosmas.com.ar\/sutek\/wp-json\/wp\/v2\/types\/page"}],"author":[{"embeddable":true,"href":"https:\/\/dosmas.com.ar\/sutek\/wp-json\/wp\/v2\/users\/1"}],"replies":[{"embeddable":true,"href":"https:\/\/dosmas.com.ar\/sutek\/wp-json\/wp\/v2\/comments?post=92"}],"version-history":[{"count":3,"href":"https:\/\/dosmas.com.ar\/sutek\/wp-json\/wp\/v2\/pages\/92\/revisions"}],"predecessor-version":[{"id":479,"href":"https:\/\/dosmas.com.ar\/sutek\/wp-json\/wp\/v2\/pages\/92\/revisions\/479"}],"wp:featuredmedia":[{"embeddable":true,"href":"https:\/\/dosmas.com.ar\/sutek\/wp-json\/wp\/v2\/media\/733"}],"wp:attachment":[{"href":"https:\/\/dosmas.com.ar\/sutek\/wp-json\/wp\/v2\/media?parent=92"}],"curies":[{"name":"wp","href":"https:\/\/api.w.org\/{rel}","templated":true}]}}